{"id":4061,"date":"2026-04-13T16:47:20","date_gmt":"2026-04-13T09:47:20","guid":{"rendered":"https:\/\/maruten-vn.com\/?post_type=product&#038;p=4061"},"modified":"2026-04-13T17:27:01","modified_gmt":"2026-04-13T10:27:01","slug":"\u30b3\u30fc\u30d2\u30fc\u888b\u306e\u81ea\u52d5\u30d1\u30f3\u30c1\u30f3\u30b0\u304a\u3088\u3073\u5bc6\u5c01\u88c5\u7f6e","status":"publish","type":"product","link":"https:\/\/maruten-vn.com\/ja\/product-2\/\u30b3\u30fc\u30d2\u30fc\u888b\u306e\u81ea\u52d5\u30d1\u30f3\u30c1\u30f3\u30b0\u304a\u3088\u3073\u5bc6\u5c01\u88c5\u7f6e\/","title":{"rendered":"\u30b3\u30fc\u30d2\u30fc\u30d0\u30c3\u30b0\u306e\u30d1\u30f3\u30c1\u30f3\u30b0\u3068\u30d0\u30eb\u30d6\u30b7\u30fc\u30eb\u3092\u81ea\u52d5\u3067\u884c\u3046\u6a5f\u68b0"},"content":{"rendered":"<p>\u539f\u7523\u56fd\uff1a\u65e5\u672c<\/p>\n<p>\u8ca9\u58f2\u5143\uff1a\u682a\u5f0f\u4f1a\u793e\u4e38\u5929<\/p>\n<p>\u8f38\u5165\u696d\u8005\u304a\u3088\u3073\u8ca9\u58f2\u696d\u8005\uff1aMaurten Vietnam Trading And Service Co., Ltd<\/p>","protected":false},"excerpt":{"rendered":"<p>Xu\u1ea5t x\u1ee9: Nh\u1eadt B\u1ea3n Nh\u00e0 b\u00e1n h\u00e0ng: Maruten Co., Ltd Nh\u00e0 nh\u1eadp kh\u1ea9u v\u00e0 ph\u00e2n ph\u1ed1i: Maurten Vi\u1ec7t Nam Trading And Service Co., Ltd<\/p>","protected":false},"featured_media":4063,"template":"","meta":[],"product_brand":[],"product_cat":[81],"product_tag":[],"class_list":{"0":"post-4061","1":"product","2":"type-product","3":"status-publish","4":"has-post-thumbnail","6":"product_cat-vat-lieu","9":"onbackorder","10":"featured","11":"taxable","12":"shipping-taxable","13":"purchasable","14":"product-type-simple","15":"product-grid-view"},"_links":{"self":[{"href":"https:\/\/maruten-vn.com\/ja\/wp-json\/wp\/v2\/product\/4061","targetHints":{"allow":["GET"]}}],"collection":[{"href":"https:\/\/maruten-vn.com\/ja\/wp-json\/wp\/v2\/product"}],"about":[{"href":"https:\/\/maruten-vn.com\/ja\/wp-json\/wp\/v2\/types\/product"}],"version-history":[{"count":1,"href":"https:\/\/maruten-vn.com\/ja\/wp-json\/wp\/v2\/product\/4061\/revisions"}],"predecessor-version":[{"id":4062,"href":"https:\/\/maruten-vn.com\/ja\/wp-json\/wp\/v2\/product\/4061\/revisions\/4062"}],"wp:featuredmedia":[{"embeddable":true,"href":"https:\/\/maruten-vn.com\/ja\/wp-json\/wp\/v2\/media\/4063"}],"wp:attachment":[{"href":"https:\/\/maruten-vn.com\/ja\/wp-json\/wp\/v2\/media?parent=4061"}],"wp:term":[{"taxonomy":"product_brand","embeddable":true,"href":"https:\/\/maruten-vn.com\/ja\/wp-json\/wp\/v2\/product_brand?post=4061"},{"taxonomy":"product_cat","embeddable":true,"href":"https:\/\/maruten-vn.com\/ja\/wp-json\/wp\/v2\/product_cat?post=4061"},{"taxonomy":"product_tag","embeddable":true,"href":"https:\/\/maruten-vn.com\/ja\/wp-json\/wp\/v2\/product_tag?post=4061"}],"curies":[{"name":"wp","href":"https:\/\/api.w.org\/{rel}","templated":true}]}}