{"id":4034,"date":"2026-04-13T10:45:08","date_gmt":"2026-04-13T03:45:08","guid":{"rendered":"https:\/\/maruten-vn.com\/?post_type=product&#038;p=4034"},"modified":"2026-04-13T17:32:43","modified_gmt":"2026-04-13T10:32:43","slug":"phin-loc-ca-phe-drip-coffee-filter","status":"publish","type":"product","link":"https:\/\/maruten-vn.com\/ja\/product-2\/phin-loc-ca-phe-drip-coffee-filter\/","title":{"rendered":"\u30b3\u30fc\u30d2\u30fc\u7528\u30c9\u30ea\u30c3\u30d7\u30d5\u30a3\u30eb\u30bf\u30fc"},"content":{"rendered":"<p data-start=\"104\" data-end=\"170\"><strong data-start=\"104\" data-end=\"170\">Phin l\u1ecdc c\u00e0 ph\u00ea d\u1ea1ng cu\u1ed9n (Coffee Miracron Roll Type)<\/strong><\/p>\n<p data-start=\"172\" data-end=\"470\">Phin l\u1ecdc c\u00e0 ph\u00ea d\u1ea1ng cu\u1ed9n t\u1eeb\u00a0<span class=\"hover:entity-accent entity-underline inline cursor-pointer align-baseline\"><span class=\"whitespace-normal\">Maruten Viet Nam Co., Ltd.<\/span><\/span> l\u00e0 gi\u1ea3i ph\u00e1p v\u1eadt li\u1ec7u chuy\u00ean d\u1ee5ng d\u00e0nh cho s\u1ea3n xu\u1ea5t t\u00fai c\u00e0 ph\u00ea drip (c\u00e0 ph\u00ea t\u00fai treo) theo quy tr\u00ecnh t\u1ef1 \u0111\u1ed9ng. S\u1ea3n ph\u1ea9m \u0111\u01b0\u1ee3c thi\u1ebft k\u1ebf t\u1ed1i \u01b0u cho vi\u1ec7c \u0111\u00f3ng g\u00f3i c\u00f4ng nghi\u1ec7p, \u0111\u1ea3m b\u1ea3o ch\u1ea5t l\u01b0\u1ee3ng chi\u1ebft xu\u1ea5t \u1ed5n \u0111\u1ecbnh v\u00e0 an to\u00e0n th\u1ef1c ph\u1ea9m.<\/p>\n<h3 data-start=\"472\" data-end=\"492\">\u0110\u1eb7c \u0111i\u1ec3m n\u1ed5i b\u1eadt<\/h3>\n<ul data-start=\"493\" data-end=\"1602\">\n<li data-start=\"493\" data-end=\"703\"><strong data-start=\"495\" data-end=\"530\">D\u1ea1ng cu\u1ed9n ti\u1ec7n l\u1ee3i cho s\u1ea3n xu\u1ea5t<\/strong>:<br data-start=\"531\" data-end=\"534\" \/>S\u1ea3n ph\u1ea9m \u0111\u01b0\u1ee3c cung c\u1ea5p d\u01b0\u1edbi d\u1ea1ng cu\u1ed9n, ph\u00f9 h\u1ee3p v\u1edbi m\u00e1y \u0111\u00f3ng g\u00f3i t\u1ef1 \u0111\u1ed9ng, gi\u00fap t\u0103ng n\u0103ng su\u1ea5t v\u00e0 \u0111\u1ed3ng \u0111\u1ec1u ch\u1ea5t l\u01b0\u1ee3ng th\u00e0nh ph\u1ea9m.<\/li>\n<li data-start=\"705\" data-end=\"971\"><strong data-start=\"707\" data-end=\"743\">Ch\u1ea5t li\u1ec7u v\u1ea3i kh\u00f4ng d\u1ec7t si\u00eau m\u1ecbn<\/strong>:<br data-start=\"744\" data-end=\"747\" \/>S\u1eed d\u1ee5ng v\u1eadt li\u1ec7u <strong data-start=\"766\" data-end=\"785\">COFFEE MIRACRON<\/strong> \u2013 s\u1ee3i kh\u00f4ng d\u1ec7t m\u1eadt \u0111\u1ed9 cao, c\u00f3 kh\u1ea3 n\u0103ng gi\u1eef b\u1ed9t m\u1ecbn v\u00e0 d\u1ea7u c\u00e0 ph\u00ea t\u1ed1t h\u01a1n so v\u1edbi gi\u1ea5y l\u1ecdc th\u00f4ng th\u01b0\u1eddng, gi\u00fap n\u01b0\u1edbc c\u00e0 ph\u00ea trong v\u00e0 tinh khi\u1ebft h\u01a1n.<\/li>\n<li data-start=\"973\" data-end=\"1191\"><strong data-start=\"975\" data-end=\"1005\">T\u1ed1i \u01b0u chi\u1ebft xu\u1ea5t h\u01b0\u01a1ng v\u1ecb<\/strong>:<br data-start=\"1006\" data-end=\"1009\" \/>\u0110\u01b0\u1ee3c ph\u00e1t tri\u1ec3n chuy\u00ean bi\u1ec7t cho c\u00e0 ph\u00ea, c\u1ea5u tr\u00fac l\u1ecdc gi\u00fap chi\u1ebft xu\u1ea5t tr\u1ecdn v\u1eb9n h\u01b0\u01a1ng v\u1ecb t\u1ef1 nhi\u00ean, mang l\u1ea1i tr\u1ea3i nghi\u1ec7m c\u00e0 ph\u00ea ch\u1ea5t l\u01b0\u1ee3ng cao.<\/li>\n<li data-start=\"1193\" data-end=\"1395\"><strong data-start=\"1195\" data-end=\"1227\">Thi\u1ebft k\u1ebf phin treo ti\u1ec7n d\u1ee5ng<\/strong>:<br data-start=\"1228\" data-end=\"1231\" \/>Sau khi t\u1ea1o th\u00e0nh t\u00fai drip, phin c\u00f3 th\u1ec3 d\u1ec5 d\u00e0ng g\u00e0i l\u00ean mi\u1ec7ng ly, \u0111\u1ea3m b\u1ea3o \u0111\u1ed9 \u1ed5n \u0111\u1ecbnh khi pha v\u00e0 thu\u1eadn ti\u1ec7n cho ng\u01b0\u1eddi d\u00f9ng.<\/li>\n<li data-start=\"1397\" data-end=\"1602\"><strong data-start=\"1399\" data-end=\"1437\">T\u01b0\u01a1ng th\u00edch \u0111\u00f3ng g\u00f3i kh\u00ed Nit\u01a1 (N\u2082)<\/strong>:<br data-start=\"1438\" data-end=\"1441\" \/>K\u1ebft h\u1ee3p v\u1edbi m\u00e1y \u0111\u00f3ng g\u00f3i, s\u1ea3n ph\u1ea9m cho ph\u00e9p n\u1ea1p kh\u00ed Nit\u01a1 gi\u00fap k\u00e9o d\u00e0i th\u1eddi gian b\u1ea3o qu\u1ea3n v\u00e0 gi\u1eef nguy\u00ean h\u01b0\u01a1ng v\u1ecb c\u00e0 ph\u00ea.<\/li>\n<\/ul>\n<h3 data-start=\"1604\" data-end=\"1637\">Th\u00f4ng s\u1ed1 k\u1ef9 thu\u1eadt<\/h3>\n<ul data-start=\"1638\" data-end=\"1825\">\n<li data-start=\"1638\" data-end=\"1661\">D\u1ea1ng: Cu\u1ed9n m\u00e0ng l\u1ecdc<\/li>\n<li data-start=\"1662\" data-end=\"1699\">Ch\u1ea5t li\u1ec7u: V\u1ea3i kh\u00f4ng d\u1ec7t si\u00eau m\u1ecbn<\/li>\n<li data-start=\"1700\" data-end=\"1825\">K\u00edch th\u01b0\u1edbc ph\u1ed5 bi\u1ebfn:\n<ul data-start=\"1727\" data-end=\"1825\">\n<li data-start=\"1727\" data-end=\"1745\">180 mm \u00d7 70 mm<\/li>\n<li data-start=\"1748\" data-end=\"1766\">180 mm \u00d7 74 mm<\/li>\n<li data-start=\"1769\" data-end=\"1825\">200 mm \u00d7 80 mm<\/li>\n<\/ul>\n<\/li>\n<\/ul>\n<h3 data-start=\"1827\" data-end=\"1839\">\u1ee8ng d\u1ee5ng<\/h3>\n<ul data-start=\"1840\" data-end=\"1974\">\n<li data-start=\"1840\" data-end=\"1881\">S\u1ea3n xu\u1ea5t t\u00fai c\u00e0 ph\u00ea drip (coffee bag)<\/li>\n<li data-start=\"1882\" data-end=\"1928\">\u0110\u00f3ng g\u00f3i c\u00e0 ph\u00ea rang xay d\u1ea1ng d\u00f9ng m\u1ed9t l\u1ea7n<\/li>\n<li data-start=\"1929\" data-end=\"1974\">S\u1eed d\u1ee5ng trong d\u00e2y chuy\u1ec1n \u0111\u00f3ng g\u00f3i t\u1ef1 \u0111\u1ed9ng<\/li>\n<\/ul>","protected":false},"excerpt":{"rendered":"<p data-start=\"104\" data-end=\"170\"><strong data-start=\"104\" data-end=\"170\">Phin l\u1ecdc c\u00e0 ph\u00ea d\u1ea1ng cu\u1ed9n (Coffee Miracron Roll Type)<\/strong><\/p>\n<p data-start=\"172\" data-end=\"470\">Phin l\u1ecdc c\u00e0 ph\u00ea d\u1ea1ng cu\u1ed9n t\u1eeb\u00a0<span class=\"hover:entity-accent entity-underline inline cursor-pointer align-baseline\"><span class=\"whitespace-normal\">Maruten Viet Nam Co., Ltd.<\/span><\/span> l\u00e0 gi\u1ea3i ph\u00e1p v\u1eadt li\u1ec7u chuy\u00ean d\u1ee5ng d\u00e0nh cho s\u1ea3n xu\u1ea5t t\u00fai c\u00e0 ph\u00ea drip (c\u00e0 ph\u00ea t\u00fai treo) theo quy tr\u00ecnh t\u1ef1 \u0111\u1ed9ng. S\u1ea3n ph\u1ea9m \u0111\u01b0\u1ee3c thi\u1ebft k\u1ebf t\u1ed1i \u01b0u cho vi\u1ec7c \u0111\u00f3ng g\u00f3i c\u00f4ng nghi\u1ec7p, \u0111\u1ea3m b\u1ea3o ch\u1ea5t l\u01b0\u1ee3ng chi\u1ebft xu\u1ea5t \u1ed5n \u0111\u1ecbnh v\u00e0 an to\u00e0n th\u1ef1c ph\u1ea9m.<\/p>\n<h3 data-start=\"472\" data-end=\"492\">\u0110\u1eb7c \u0111i\u1ec3m n\u1ed5i b\u1eadt<\/h3>\n<ul data-start=\"493\" data-end=\"1602\">\n<li data-start=\"493\" data-end=\"703\"><strong data-start=\"495\" data-end=\"530\">D\u1ea1ng cu\u1ed9n ti\u1ec7n l\u1ee3i cho s\u1ea3n xu\u1ea5t<\/strong>:<br data-start=\"531\" data-end=\"534\" \/>S\u1ea3n ph\u1ea9m \u0111\u01b0\u1ee3c cung c\u1ea5p d\u01b0\u1edbi d\u1ea1ng cu\u1ed9n, ph\u00f9 h\u1ee3p v\u1edbi m\u00e1y \u0111\u00f3ng g\u00f3i t\u1ef1 \u0111\u1ed9ng, gi\u00fap t\u0103ng n\u0103ng su\u1ea5t v\u00e0 \u0111\u1ed3ng \u0111\u1ec1u ch\u1ea5t l\u01b0\u1ee3ng th\u00e0nh ph\u1ea9m.<\/li>\n<li data-start=\"705\" data-end=\"971\"><strong data-start=\"707\" data-end=\"743\">Ch\u1ea5t li\u1ec7u v\u1ea3i kh\u00f4ng d\u1ec7t si\u00eau m\u1ecbn<\/strong>:<br data-start=\"744\" data-end=\"747\" \/>S\u1eed d\u1ee5ng v\u1eadt li\u1ec7u <strong data-start=\"766\" data-end=\"785\">COFFEE MIRACRON<\/strong> \u2013 s\u1ee3i kh\u00f4ng d\u1ec7t m\u1eadt \u0111\u1ed9 cao, c\u00f3 kh\u1ea3 n\u0103ng gi\u1eef b\u1ed9t m\u1ecbn v\u00e0 d\u1ea7u c\u00e0 ph\u00ea t\u1ed1t h\u01a1n so v\u1edbi gi\u1ea5y l\u1ecdc th\u00f4ng th\u01b0\u1eddng, gi\u00fap n\u01b0\u1edbc c\u00e0 ph\u00ea trong v\u00e0 tinh khi\u1ebft h\u01a1n.<\/li>\n<li data-start=\"973\" data-end=\"1191\"><strong data-start=\"975\" data-end=\"1005\">T\u1ed1i \u01b0u chi\u1ebft xu\u1ea5t h\u01b0\u01a1ng v\u1ecb<\/strong>:<br data-start=\"1006\" data-end=\"1009\" \/>\u0110\u01b0\u1ee3c ph\u00e1t tri\u1ec3n chuy\u00ean bi\u1ec7t cho c\u00e0 ph\u00ea, c\u1ea5u tr\u00fac l\u1ecdc gi\u00fap chi\u1ebft xu\u1ea5t tr\u1ecdn v\u1eb9n h\u01b0\u01a1ng v\u1ecb t\u1ef1 nhi\u00ean, mang l\u1ea1i tr\u1ea3i nghi\u1ec7m c\u00e0 ph\u00ea ch\u1ea5t l\u01b0\u1ee3ng cao.<\/li>\n<li data-start=\"1193\" data-end=\"1395\"><strong data-start=\"1195\" data-end=\"1227\">Thi\u1ebft k\u1ebf phin treo ti\u1ec7n d\u1ee5ng<\/strong>:<br data-start=\"1228\" data-end=\"1231\" \/>Sau khi t\u1ea1o th\u00e0nh t\u00fai drip, phin c\u00f3 th\u1ec3 d\u1ec5 d\u00e0ng g\u00e0i l\u00ean mi\u1ec7ng ly, \u0111\u1ea3m b\u1ea3o \u0111\u1ed9 \u1ed5n \u0111\u1ecbnh khi pha v\u00e0 thu\u1eadn ti\u1ec7n cho ng\u01b0\u1eddi d\u00f9ng.<\/li>\n<li data-start=\"1397\" data-end=\"1602\"><strong data-start=\"1399\" data-end=\"1437\">T\u01b0\u01a1ng th\u00edch \u0111\u00f3ng g\u00f3i kh\u00ed Nit\u01a1 (N\u2082)<\/strong>:<br data-start=\"1438\" data-end=\"1441\" \/>K\u1ebft h\u1ee3p v\u1edbi m\u00e1y \u0111\u00f3ng g\u00f3i, s\u1ea3n ph\u1ea9m cho ph\u00e9p n\u1ea1p kh\u00ed Nit\u01a1 gi\u00fap k\u00e9o d\u00e0i th\u1eddi gian b\u1ea3o qu\u1ea3n v\u00e0 gi\u1eef nguy\u00ean h\u01b0\u01a1ng v\u1ecb c\u00e0 ph\u00ea.<\/li>\n<\/ul>\n<h3 data-start=\"1604\" data-end=\"1637\">Th\u00f4ng s\u1ed1 k\u1ef9 thu\u1eadt<\/h3>\n<ul data-start=\"1638\" data-end=\"1825\">\n<li data-start=\"1638\" data-end=\"1661\">D\u1ea1ng: Cu\u1ed9n m\u00e0ng l\u1ecdc<\/li>\n<li data-start=\"1662\" data-end=\"1699\">Ch\u1ea5t li\u1ec7u: V\u1ea3i kh\u00f4ng d\u1ec7t si\u00eau m\u1ecbn<\/li>\n<li data-start=\"1700\" data-end=\"1825\">K\u00edch th\u01b0\u1edbc ph\u1ed5 bi\u1ebfn:\n<ul data-start=\"1727\" data-end=\"1825\">\n<li data-start=\"1727\" data-end=\"1745\">180 mm \u00d7 70 mm<\/li>\n<li data-start=\"1748\" data-end=\"1766\">180 mm \u00d7 74 mm<\/li>\n<li data-start=\"1769\" data-end=\"1825\">200 mm \u00d7 80 mm<\/li>\n<\/ul>\n<\/li>\n<\/ul>\n<h3 data-start=\"1827\" data-end=\"1839\">\u1ee8ng d\u1ee5ng<\/h3>\n<ul data-start=\"1840\" data-end=\"1974\">\n<li data-start=\"1840\" data-end=\"1881\">S\u1ea3n xu\u1ea5t t\u00fai c\u00e0 ph\u00ea drip (coffee bag)<\/li>\n<li data-start=\"1882\" data-end=\"1928\">\u0110\u00f3ng g\u00f3i c\u00e0 ph\u00ea rang xay d\u1ea1ng d\u00f9ng m\u1ed9t l\u1ea7n<\/li>\n<li data-start=\"1929\" data-end=\"1974\">S\u1eed d\u1ee5ng trong d\u00e2y chuy\u1ec1n \u0111\u00f3ng g\u00f3i t\u1ef1 \u0111\u1ed9ng<\/li>\n<\/ul>","protected":false},"featured_media":4036,"template":"","meta":[],"product_brand":[],"product_cat":[17,103],"product_tag":[],"class_list":{"0":"post-4034","1":"product","2":"type-product","3":"status-publish","4":"has-post-thumbnail","6":"product_cat-uncategorized","7":"product_cat-thuc-pham","10":"instock","11":"featured","12":"taxable","13":"shipping-taxable","14":"purchasable","15":"product-type-simple","16":"product-grid-view"},"_links":{"self":[{"href":"https:\/\/maruten-vn.com\/ja\/wp-json\/wp\/v2\/product\/4034","targetHints":{"allow":["GET"]}}],"collection":[{"href":"https:\/\/maruten-vn.com\/ja\/wp-json\/wp\/v2\/product"}],"about":[{"href":"https:\/\/maruten-vn.com\/ja\/wp-json\/wp\/v2\/types\/product"}],"version-history":[{"count":6,"href":"https:\/\/maruten-vn.com\/ja\/wp-json\/wp\/v2\/product\/4034\/revisions"}],"predecessor-version":[{"id":4046,"href":"https:\/\/maruten-vn.com\/ja\/wp-json\/wp\/v2\/product\/4034\/revisions\/4046"}],"wp:featuredmedia":[{"embeddable":true,"href":"https:\/\/maruten-vn.com\/ja\/wp-json\/wp\/v2\/media\/4036"}],"wp:attachment":[{"href":"https:\/\/maruten-vn.com\/ja\/wp-json\/wp\/v2\/media?parent=4034"}],"wp:term":[{"taxonomy":"product_brand","embeddable":true,"href":"https:\/\/maruten-vn.com\/ja\/wp-json\/wp\/v2\/product_brand?post=4034"},{"taxonomy":"product_cat","embeddable":true,"href":"https:\/\/maruten-vn.com\/ja\/wp-json\/wp\/v2\/product_cat?post=4034"},{"taxonomy":"product_tag","embeddable":true,"href":"https:\/\/maruten-vn.com\/ja\/wp-json\/wp\/v2\/product_tag?post=4034"}],"curies":[{"name":"wp","href":"https:\/\/api.w.org\/{rel}","templated":true}]}}