{"id":752,"date":"2023-09-01T11:57:47","date_gmt":"2023-09-01T11:57:47","guid":{"rendered":"https:\/\/happymarketingagency.com\/?page_id=752"},"modified":"2025-04-10T21:09:18","modified_gmt":"2025-04-10T14:09:18","slug":"\u30d6\u30ed\u30b0","status":"publish","type":"page","link":"https:\/\/maruten-vn.com\/ja\/\u30d6\u30ed\u30b0\/","title":{"rendered":"\u30d6\u30ed\u30b0"},"content":{"rendered":"<div data-elementor-type=\"wp-page\" data-elementor-id=\"752\" class=\"elementor elementor-752\" data-elementor-post-type=\"page\">\n\t\t\t\t\t\t<section class=\"elementor-section elementor-top-section elementor-element elementor-element-f7a18a6 elementor-section-full_width elementor-section-height-default elementor-section-height-default\" data-id=\"f7a18a6\" data-element_type=\"section\" data-e-type=\"section\" data-settings=\"{&quot;wdt_bg_image&quot;:{&quot;url&quot;:&quot;&quot;,&quot;id&quot;:&quot;&quot;,&quot;size&quot;:&quot;&quot;},&quot;wdt_bg_image_laptop&quot;:{&quot;url&quot;:&quot;&quot;,&quot;id&quot;:&quot;&quot;,&quot;size&quot;:&quot;&quot;},&quot;wdt_bg_image_tablet_extra&quot;:{&quot;url&quot;:&quot;&quot;,&quot;id&quot;:&quot;&quot;,&quot;size&quot;:&quot;&quot;},&quot;wdt_bg_image_tablet&quot;:{&quot;url&quot;:&quot;&quot;,&quot;id&quot;:&quot;&quot;,&quot;size&quot;:&quot;&quot;},&quot;wdt_bg_image_mobile_extra&quot;:{&quot;url&quot;:&quot;&quot;,&quot;id&quot;:&quot;&quot;,&quot;size&quot;:&quot;&quot;},&quot;wdt_bg_image_mobile&quot;:{&quot;url&quot;:&quot;&quot;,&quot;id&quot;:&quot;&quot;,&quot;size&quot;:&quot;&quot;},&quot;wdt_bg_position&quot;:&quot;center center&quot;,&quot;wdt_animation_effect&quot;:&quot;none&quot;}\">\n\t\t\t\t\t\t<div class=\"elementor-container elementor-column-gap-no\">\n\t\t\t\t\t<div class=\"elementor-column elementor-col-100 elementor-top-column elementor-element elementor-element-9efafac\" data-id=\"9efafac\" data-element_type=\"column\" data-e-type=\"column\">\n\t\t\t<div class=\"elementor-widget-wrap elementor-element-populated\">\n\t\t\t\t\t\t<div class=\"elementor-element elementor-element-ee8b572 elementor-widget elementor-widget-wdt-blog-posts\" data-id=\"ee8b572\" data-element_type=\"widget\" data-e-type=\"widget\" data-settings=\"{&quot;wdt_animation_effect&quot;:&quot;none&quot;}\" data-widget_type=\"wdt-blog-posts.default\">\n\t\t\t\t<div class=\"elementor-widget-container\">\n\t\t\t\t\t<div class=\"wdt-posts-list-wrapper  wdt-post-list-carousel-ee8b572\" ><div class='tpl-blog-holder  apply-equal-height'><div class='grid-sizer  entry-grid-layout wdt-simple-style wdt-fadeinleft-hover wdt-default-overlay alignleft column wdt-one-third wdt-post-entry'><\/div><div class=\"entry-grid-layout wdt-simple-style wdt-fadeinleft-hover wdt-default-overlay alignleft column wdt-one-third wdt-post-entry\"><article id=\"post-3647\" class=\"post-3647 post type-post status-publish format-standard has-post-thumbnail hentry category-chinh-sach blog-entry\">\r\n\r\n\r\n\t<!-- Featured Image -->\r\n\t<div class=\"entry-thumb\">\r\n\t\t\r\n<a href=\"https:\/\/maruten-vn.com\/ja\/\u60c5\u5831\u30bb\u30ad\u30e5\u30ea\u30c6\u30a3\/\" title=\"Permalink to B\u1ea3o m\u1eadt th\u00f4ng tin\"><img fetchpriority=\"high\" decoding=\"async\" width=\"640\" height=\"418\" src=\"https:\/\/maruten-vn.com\/wp-content\/uploads\/2025\/05\/bao-mat-thong-tin-la-gi.jpg\" class=\"attachment-wdt-blog-iii-column size-wdt-blog-iii-column wp-post-image\" alt=\"\" srcset=\"https:\/\/maruten-vn.com\/wp-content\/uploads\/2025\/05\/bao-mat-thong-tin-la-gi.jpg 640w, https:\/\/maruten-vn.com\/wp-content\/uploads\/2025\/05\/bao-mat-thong-tin-la-gi-300x196.jpg 300w, https:\/\/maruten-vn.com\/wp-content\/uploads\/2025\/05\/bao-mat-thong-tin-la-gi-18x12.jpg 18w\" sizes=\"(max-width: 640px) 100vw, 640px\" title=\"\"><\/a>\r\n        <\/div><!-- Featured Image -->\r\n<!-- Entry Title -->\r\n<div class=\"entry-title\">\r\n\t<h4>    \t<a href=\"https:\/\/maruten-vn.com\/ja\/\u60c5\u5831\u30bb\u30ad\u30e5\u30ea\u30c6\u30a3\/\" title=\"Permalink to B\u1ea3o m\u1eadt th\u00f4ng tin\">\u60c5\u5831\u306e\u6a5f\u5bc6\u4fdd\u6301<\/a>\r\n\t<\/h4>\r\n<\/div><!-- Entry Title --><\/article><\/div><div class=\"entry-grid-layout wdt-simple-style wdt-fadeinleft-hover wdt-default-overlay alignleft column wdt-one-third wdt-post-entry\"><article id=\"post-3644\" class=\"post-3644 post type-post status-publish format-standard has-post-thumbnail hentry category-chinh-sach blog-entry\">\r\n\r\n\r\n\t<!-- Featured Image -->\r\n\t<div class=\"entry-thumb\">\r\n\t\t\r\n<a href=\"https:\/\/maruten-vn.com\/ja\/\u8fd4\u54c1\u898f\u5247\/\" title=\"Permalink to Ch\u00ednh s\u00e1ch \u0111\u1ed5i tr\u1ea3\"><img decoding=\"async\" width=\"1920\" height=\"1080\" src=\"https:\/\/maruten-vn.com\/wp-content\/uploads\/2025\/05\/20240514_ZEoc9ti0.png\" class=\"attachment-wdt-blog-iii-column size-wdt-blog-iii-column wp-post-image\" alt=\"\" srcset=\"https:\/\/maruten-vn.com\/wp-content\/uploads\/2025\/05\/20240514_ZEoc9ti0.png 1920w, https:\/\/maruten-vn.com\/wp-content\/uploads\/2025\/05\/20240514_ZEoc9ti0-300x169.png 300w, https:\/\/maruten-vn.com\/wp-content\/uploads\/2025\/05\/20240514_ZEoc9ti0-1024x576.png 1024w, https:\/\/maruten-vn.com\/wp-content\/uploads\/2025\/05\/20240514_ZEoc9ti0-768x432.png 768w, https:\/\/maruten-vn.com\/wp-content\/uploads\/2025\/05\/20240514_ZEoc9ti0-1536x864.png 1536w, https:\/\/maruten-vn.com\/wp-content\/uploads\/2025\/05\/20240514_ZEoc9ti0-18x10.png 18w, https:\/\/maruten-vn.com\/wp-content\/uploads\/2025\/05\/20240514_ZEoc9ti0-1000x563.png 1000w\" sizes=\"(max-width: 1920px) 100vw, 1920px\" title=\"\"><\/a>\r\n        <\/div><!-- Featured Image -->\r\n<!-- Entry Title -->\r\n<div class=\"entry-title\">\r\n\t<h4>    \t<a href=\"https:\/\/maruten-vn.com\/ja\/\u8fd4\u54c1\u898f\u5247\/\" title=\"Permalink to Ch\u00ednh s\u00e1ch \u0111\u1ed5i tr\u1ea3\">\u8fd4\u54c1\u30fb\u4ea4\u63db\u30dd\u30ea\u30b7\u30fc<\/a>\r\n\t<\/h4>\r\n<\/div><!-- Entry Title --><\/article><\/div><div class=\"entry-grid-layout wdt-simple-style wdt-fadeinleft-hover wdt-default-overlay alignleft column wdt-one-third wdt-post-entry\"><article id=\"post-3641\" class=\"post-3641 post type-post status-publish format-standard has-post-thumbnail hentry category-chinh-sach blog-entry\">\r\n\r\n\r\n\t<!-- Featured Image -->\r\n\t<div class=\"entry-thumb\">\r\n\t\t\r\n<a href=\"https:\/\/maruten-vn.com\/ja\/\u914d\u9001\u30dd\u30ea\u30b7\u30fc\/\" title=\"Permalink to Ch\u00ednh s\u00e1ch Giao h\u00e0ng\"><img decoding=\"async\" width=\"1343\" height=\"800\" src=\"https:\/\/maruten-vn.com\/wp-content\/uploads\/2025\/05\/chinh-sach-van-chuyen-va-giao-nhan.png\" class=\"attachment-wdt-blog-iii-column size-wdt-blog-iii-column wp-post-image\" alt=\"\" srcset=\"https:\/\/maruten-vn.com\/wp-content\/uploads\/2025\/05\/chinh-sach-van-chuyen-va-giao-nhan.png 1343w, https:\/\/maruten-vn.com\/wp-content\/uploads\/2025\/05\/chinh-sach-van-chuyen-va-giao-nhan-300x179.png 300w, https:\/\/maruten-vn.com\/wp-content\/uploads\/2025\/05\/chinh-sach-van-chuyen-va-giao-nhan-1024x610.png 1024w, https:\/\/maruten-vn.com\/wp-content\/uploads\/2025\/05\/chinh-sach-van-chuyen-va-giao-nhan-768x457.png 768w, https:\/\/maruten-vn.com\/wp-content\/uploads\/2025\/05\/chinh-sach-van-chuyen-va-giao-nhan-18x12.png 18w, https:\/\/maruten-vn.com\/wp-content\/uploads\/2025\/05\/chinh-sach-van-chuyen-va-giao-nhan-1000x596.png 1000w\" sizes=\"(max-width: 1343px) 100vw, 1343px\" title=\"\"><\/a>\r\n        <\/div><!-- Featured Image -->\r\n<!-- Entry Title -->\r\n<div class=\"entry-title\">\r\n\t<h4>    \t<a href=\"https:\/\/maruten-vn.com\/ja\/\u914d\u9001\u30dd\u30ea\u30b7\u30fc\/\" title=\"Permalink to Ch\u00ednh s\u00e1ch Giao h\u00e0ng\">\u914d\u9001\u30dd\u30ea\u30b7\u30fc<\/a>\r\n\t<\/h4>\r\n<\/div><!-- Entry Title --><\/article><\/div><div class=\"entry-grid-layout wdt-simple-style wdt-fadeinleft-hover wdt-default-overlay alignleft column wdt-one-third wdt-post-entry\"><article id=\"post-3637\" class=\"post-3637 post type-post status-publish format-standard has-post-thumbnail hentry category-chinh-sach blog-entry\">\r\n\r\n\r\n\t<!-- Featured Image -->\r\n\t<div class=\"entry-thumb\">\r\n\t\t\r\n<a href=\"https:\/\/maruten-vn.com\/ja\/\u8cfc\u5165\u304a\u3088\u3073\u652f\u6255\u3044\u30dd\u30ea\u30b7\u30fc\/\" title=\"Permalink to Ch\u00ednh s\u00e1ch Mua h\u00e0ng v\u00e0 thanh to\u00e1n\"><img loading=\"lazy\" decoding=\"async\" width=\"660\" height=\"415\" src=\"https:\/\/maruten-vn.com\/wp-content\/uploads\/2025\/05\/tt.jpg\" class=\"attachment-wdt-blog-iii-column size-wdt-blog-iii-column wp-post-image\" alt=\"\" srcset=\"https:\/\/maruten-vn.com\/wp-content\/uploads\/2025\/05\/tt.jpg 660w, https:\/\/maruten-vn.com\/wp-content\/uploads\/2025\/05\/tt-300x189.jpg 300w, https:\/\/maruten-vn.com\/wp-content\/uploads\/2025\/05\/tt-18x12.jpg 18w\" sizes=\"(max-width: 660px) 100vw, 660px\" title=\"\"><\/a>\r\n        <\/div><!-- Featured Image -->\r\n<!-- Entry Title -->\r\n<div class=\"entry-title\">\r\n\t<h4>    \t<a href=\"https:\/\/maruten-vn.com\/ja\/\u8cfc\u5165\u304a\u3088\u3073\u652f\u6255\u3044\u30dd\u30ea\u30b7\u30fc\/\" title=\"Permalink to Ch\u00ednh s\u00e1ch Mua h\u00e0ng v\u00e0 thanh to\u00e1n\">\u8cfc\u5165\u304a\u3088\u3073\u652f\u6255\u3044\u30dd\u30ea\u30b7\u30fc<\/a>\r\n\t<\/h4>\r\n<\/div><!-- Entry Title --><\/article><\/div><div class=\"entry-grid-layout wdt-simple-style wdt-fadeinleft-hover wdt-default-overlay alignleft column wdt-one-third wdt-post-entry\"><article id=\"post-3634\" class=\"post-3634 post type-post status-publish format-standard has-post-thumbnail hentry category-chinh-sach blog-entry\">\r\n\r\n\r\n\t<!-- Featured Image -->\r\n\t<div class=\"entry-thumb\">\r\n\t\t\r\n<a href=\"https:\/\/maruten-vn.com\/ja\/\u5229\u7528\u898f\u7d04\/\" title=\"Permalink to \u0110i\u1ec1u kho\u1ea3n s\u1eed d\u1ee5ng\"><img loading=\"lazy\" decoding=\"async\" width=\"800\" height=\"500\" src=\"https:\/\/maruten-vn.com\/wp-content\/uploads\/2025\/05\/Dieu-khoan-su-dung.png\" class=\"attachment-wdt-blog-iii-column size-wdt-blog-iii-column wp-post-image\" alt=\"\" srcset=\"https:\/\/maruten-vn.com\/wp-content\/uploads\/2025\/05\/Dieu-khoan-su-dung.png 800w, https:\/\/maruten-vn.com\/wp-content\/uploads\/2025\/05\/Dieu-khoan-su-dung-300x188.png 300w, https:\/\/maruten-vn.com\/wp-content\/uploads\/2025\/05\/Dieu-khoan-su-dung-768x480.png 768w, https:\/\/maruten-vn.com\/wp-content\/uploads\/2025\/05\/Dieu-khoan-su-dung-18x12.png 18w\" sizes=\"(max-width: 800px) 100vw, 800px\" title=\"\"><\/a>\r\n        <\/div><!-- Featured Image -->\r\n<!-- Entry Title -->\r\n<div class=\"entry-title\">\r\n\t<h4>    \t<a href=\"https:\/\/maruten-vn.com\/ja\/\u5229\u7528\u898f\u7d04\/\" title=\"Permalink to \u0110i\u1ec1u kho\u1ea3n s\u1eed d\u1ee5ng\">\u5229\u7528\u898f\u7d04<\/a>\r\n\t<\/h4>\r\n<\/div><!-- Entry Title --><\/article><\/div><\/div><div class=\"pagination blog-pagination\"><\/div><\/div>\t\t\t\t<\/div>\n\t\t\t\t<\/div>\n\t\t\t\t\t<\/div>\n\t\t<\/div>\n\t\t\t\t\t<\/div>\n\t\t<\/section>\n\t\t\t\t<\/div>","protected":false},"excerpt":{"rendered":"<p>Benefits of Using Printed Paper Cups and Pouches How to Discover the Finest Commercial Printing Designs in Online? How to Create Your Own Banner Print Designs 3 Top Trends in Printing Service That You Should Learn ASAP How the Future of the Commercial Printing Industry Globally Impacts on all Sectors A Handbook of Designs for Your Property Marketing Promotions 01 02 Next<\/p>","protected":false},"author":1,"featured_media":0,"parent":0,"menu_order":0,"comment_status":"closed","ping_status":"closed","template":"","meta":{"footnotes":""},"class_list":["post-752","page","type-page","status-publish","hentry","blog-entry","format-standard"],"_links":{"self":[{"href":"https:\/\/maruten-vn.com\/ja\/wp-json\/wp\/v2\/pages\/752","targetHints":{"allow":["GET"]}}],"collection":[{"href":"https:\/\/maruten-vn.com\/ja\/wp-json\/wp\/v2\/pages"}],"about":[{"href":"https:\/\/maruten-vn.com\/ja\/wp-json\/wp\/v2\/types\/page"}],"author":[{"embeddable":true,"href":"https:\/\/maruten-vn.com\/ja\/wp-json\/wp\/v2\/users\/1"}],"replies":[{"embeddable":true,"href":"https:\/\/maruten-vn.com\/ja\/wp-json\/wp\/v2\/comments?post=752"}],"version-history":[{"count":12,"href":"https:\/\/maruten-vn.com\/ja\/wp-json\/wp\/v2\/pages\/752\/revisions"}],"predecessor-version":[{"id":2032,"href":"https:\/\/maruten-vn.com\/ja\/wp-json\/wp\/v2\/pages\/752\/revisions\/2032"}],"wp:attachment":[{"href":"https:\/\/maruten-vn.com\/ja\/wp-json\/wp\/v2\/media?parent=752"}],"curies":[{"name":"wp","href":"https:\/\/api.w.org\/{rel}","templated":true}]}}