{"id":4061,"date":"2026-04-13T16:47:20","date_gmt":"2026-04-13T09:47:20","guid":{"rendered":"https:\/\/maruten-vn.com\/?post_type=product&#038;p=4061"},"modified":"2026-04-13T17:27:01","modified_gmt":"2026-04-13T10:27:01","slug":"thiet-bi-duc-lo-va-dan-van-tui-ca-phe-tu-dong","status":"publish","type":"product","link":"https:\/\/maruten-vn.com\/en\/product\/thiet-bi-duc-lo-va-dan-van-tui-ca-phe-tu-dong\/","title":{"rendered":"Automatic coffee bag punching and valve sealing machine"},"content":{"rendered":"<p>Origin: Japan<\/p>\n<p>Nh\u00e0 b\u00e1n h\u00e0ng: Maruten Co., Ltd<\/p>\n<p>Nh\u00e0 nh\u1eadp kh\u1ea9u v\u00e0 ph\u00e2n ph\u1ed1i: Maurten Vi\u1ec7t Nam Trading And Service Co., Ltd<\/p>","protected":false},"excerpt":{"rendered":"<p>Xu\u1ea5t x\u1ee9: Nh\u1eadt B\u1ea3n Nh\u00e0 b\u00e1n h\u00e0ng: Maruten Co., Ltd Nh\u00e0 nh\u1eadp kh\u1ea9u v\u00e0 ph\u00e2n ph\u1ed1i: Maurten Vi\u1ec7t Nam Trading And Service Co., Ltd<\/p>","protected":false},"featured_media":4063,"template":"","meta":[],"product_brand":[],"product_cat":[81],"product_tag":[],"class_list":{"0":"post-4061","1":"product","2":"type-product","3":"status-publish","4":"has-post-thumbnail","6":"product_cat-vat-lieu","9":"onbackorder","10":"featured","11":"taxable","12":"shipping-taxable","13":"purchasable","14":"product-type-simple","15":"product-grid-view"},"_links":{"self":[{"href":"https:\/\/maruten-vn.com\/en\/wp-json\/wp\/v2\/product\/4061","targetHints":{"allow":["GET"]}}],"collection":[{"href":"https:\/\/maruten-vn.com\/en\/wp-json\/wp\/v2\/product"}],"about":[{"href":"https:\/\/maruten-vn.com\/en\/wp-json\/wp\/v2\/types\/product"}],"version-history":[{"count":1,"href":"https:\/\/maruten-vn.com\/en\/wp-json\/wp\/v2\/product\/4061\/revisions"}],"predecessor-version":[{"id":4062,"href":"https:\/\/maruten-vn.com\/en\/wp-json\/wp\/v2\/product\/4061\/revisions\/4062"}],"wp:featuredmedia":[{"embeddable":true,"href":"https:\/\/maruten-vn.com\/en\/wp-json\/wp\/v2\/media\/4063"}],"wp:attachment":[{"href":"https:\/\/maruten-vn.com\/en\/wp-json\/wp\/v2\/media?parent=4061"}],"wp:term":[{"taxonomy":"product_brand","embeddable":true,"href":"https:\/\/maruten-vn.com\/en\/wp-json\/wp\/v2\/product_brand?post=4061"},{"taxonomy":"product_cat","embeddable":true,"href":"https:\/\/maruten-vn.com\/en\/wp-json\/wp\/v2\/product_cat?post=4061"},{"taxonomy":"product_tag","embeddable":true,"href":"https:\/\/maruten-vn.com\/en\/wp-json\/wp\/v2\/product_tag?post=4061"}],"curies":[{"name":"wp","href":"https:\/\/api.w.org\/{rel}","templated":true}]}}